{"id":6570,"date":"2022-11-22T08:24:01","date_gmt":"2022-11-22T08:24:01","guid":{"rendered":"https:\/\/test.sjjsolutions.com\/?page_id=6570"},"modified":"2026-04-02T12:54:09","modified_gmt":"2026-04-02T12:54:09","slug":"solutions","status":"publish","type":"page","link":"https:\/\/sjjsolutions.com\/es\/solutions\/","title":{"rendered":"Soluciones"},"content":{"rendered":"<div data-elementor-type=\"wp-page\" data-elementor-id=\"6570\" class=\"elementor elementor-6570\" data-elementor-post-type=\"page\">\n\t\t\t\t\t\t<section class=\"elementor-section elementor-top-section elementor-element elementor-element-40e383a page-top-section elementor-section-height-min-height elementor-section-items-stretch elementor-section-boxed elementor-section-height-default\" data-id=\"40e383a\" data-element_type=\"section\" data-e-type=\"section\" data-settings=\"{&quot;background_background&quot;:&quot;classic&quot;}\">\n\t\t\t\t\t\t<div class=\"elementor-container elementor-column-gap-wide\">\n\t\t\t\t\t<div class=\"elementor-column elementor-col-50 elementor-top-column elementor-element elementor-element-57e8e34\" data-id=\"57e8e34\" data-element_type=\"column\" data-e-type=\"column\">\n\t\t\t<div class=\"elementor-widget-wrap elementor-element-populated\">\n\t\t\t\t\t\t<div class=\"elementor-element elementor-element-33c2ba4 elementor-widget elementor-widget-heading\" data-id=\"33c2ba4\" data-element_type=\"widget\" data-e-type=\"widget\" data-widget_type=\"heading.default\">\n\t\t\t\t<div class=\"elementor-widget-container\">\n\t\t\t\t\t<h1 class=\"elementor-heading-title elementor-size-default\">Nuestras soluciones<\/h1>\t\t\t\t<\/div>\n\t\t\t\t<\/div>\n\t\t\t\t<div class=\"elementor-element elementor-element-4da3605 elementor-widget elementor-widget-text-editor\" data-id=\"4da3605\" data-element_type=\"widget\" data-e-type=\"widget\" data-widget_type=\"text-editor.default\">\n\t\t\t\t<div class=\"elementor-widget-container\">\n\t\t\t\t\t\t\t\t\t<p><em>\"Estamos cerrando la brecha entre los viales y las inyecciones de dosis peque\u00f1as\"<\/em><\/p>\t\t\t\t\t\t\t\t<\/div>\n\t\t\t\t<\/div>\n\t\t\t\t\t<\/div>\n\t\t<\/div>\n\t\t\t\t<div class=\"elementor-column elementor-col-50 elementor-top-column elementor-element elementor-element-fdf3dd0\" data-id=\"fdf3dd0\" data-element_type=\"column\" data-e-type=\"column\">\n\t\t\t<div class=\"elementor-widget-wrap elementor-element-populated\">\n\t\t\t\t\t\t<div class=\"elementor-element elementor-element-1cd7bd5 elementor-widget elementor-widget-text-editor\" data-id=\"1cd7bd5\" data-element_type=\"widget\" data-e-type=\"widget\" data-widget_type=\"text-editor.default\">\n\t\t\t\t<div class=\"elementor-widget-container\">\n\t\t\t\t\t\t\t\t\t<p>SJJ Solutions es una empresa innovadora de dispositivos m\u00e9dicos que aporta calidad y eficacia al mercado de las inyecciones intrav\u00edtreas y otras inyecciones de peque\u00f1o volumen. Nuestros productos y herramientas permiten a nuestros usuarios extraer f\u00e1cilmente el medicamento de un vial a una jeringa con gran eficacia, al tiempo que reducen los riesgos asociados a estos procedimientos.<\/p>\t\t\t\t\t\t\t\t<\/div>\n\t\t\t\t<\/div>\n\t\t\t\t\t<\/div>\n\t\t<\/div>\n\t\t\t\t\t<\/div>\n\t\t<\/section>\n\t\t\t\t<section class=\"elementor-section elementor-top-section elementor-element elementor-element-82a6abe top-border-section elementor-section-boxed elementor-section-height-default elementor-section-height-default\" data-id=\"82a6abe\" data-element_type=\"section\" data-e-type=\"section\" id=\"zero-residual\" data-settings=\"{&quot;background_background&quot;:&quot;classic&quot;}\">\n\t\t\t\t\t\t<div class=\"elementor-container elementor-column-gap-wide\">\n\t\t\t\t\t<div class=\"elementor-column elementor-col-50 elementor-top-column elementor-element elementor-element-3e46b24\" data-id=\"3e46b24\" data-element_type=\"column\" data-e-type=\"column\">\n\t\t\t<div class=\"elementor-widget-wrap elementor-element-populated\">\n\t\t\t\t\t\t<div class=\"elementor-section elementor-inner-section elementor-element elementor-element-42548df inner-column-single elementor-section-boxed elementor-section-height-default elementor-section-height-default\" data-id=\"42548df\" data-element_type=\"section\" data-e-type=\"section\">\n\t\t\t\t\t\t<div class=\"elementor-container elementor-column-gap-no\">\n\t\t\t\t\t<div class=\"elementor-column elementor-col-100 elementor-inner-column elementor-element elementor-element-4c582a6\" data-id=\"4c582a6\" data-element_type=\"column\" data-e-type=\"column\">\n\t\t\t<div class=\"elementor-widget-wrap elementor-element-populated\">\n\t\t\t\t\t\t<div class=\"elementor-element elementor-element-097ca60 elementor-widget elementor-widget-spacer\" data-id=\"097ca60\" data-element_type=\"widget\" data-e-type=\"widget\" data-widget_type=\"spacer.default\">\n\t\t\t\t<div class=\"elementor-widget-container\">\n\t\t\t\t\t\t\t<div class=\"elementor-spacer\">\n\t\t\t<div class=\"elementor-spacer-inner\"><\/div>\n\t\t<\/div>\n\t\t\t\t\t\t<\/div>\n\t\t\t\t<\/div>\n\t\t\t\t<div class=\"elementor-element elementor-element-367c68e elementor-widget elementor-widget-heading\" data-id=\"367c68e\" data-element_type=\"widget\" data-e-type=\"widget\" data-widget_type=\"heading.default\">\n\t\t\t\t<div class=\"elementor-widget-container\">\n\t\t\t\t\t<h2 class=\"elementor-heading-title elementor-size-default\">Soluciones de inyecci\u00f3n<\/h2>\t\t\t\t<\/div>\n\t\t\t\t<\/div>\n\t\t\t\t<div class=\"elementor-element elementor-element-f836c58 elementor-widget elementor-widget-text-editor\" data-id=\"f836c58\" data-element_type=\"widget\" data-e-type=\"widget\" data-widget_type=\"text-editor.default\">\n\t\t\t\t<div class=\"elementor-widget-container\">\n\t\t\t\t\t\t\t\t\t<p>Cuando la medicaci\u00f3n es costosa o escasa, debe manipularse de la forma m\u00e1s eficiente posible. Para reducir el desperdicio de medicamentos en relaci\u00f3n con las inyecciones, las jeringuillas deben tener el menor volumen residual posible. Las jeringas Zero Residual\u2122 ofrecen esta posibilidad. Gracias a la forma de la jeringa, el pist\u00f3n y el cubo de la aguja, el volumen residual es tan peque\u00f1o como el volumen de la c\u00e1nula de la aguja. Pase el rat\u00f3n sobre la imagen de la derecha para ver el volumen residual de una jeringa convencional con poco espacio muerto (derecha) en comparaci\u00f3n con la jeringa Zero Residual\u2122 (izquierda).<\/p>\t\t\t\t\t\t\t\t<\/div>\n\t\t\t\t<\/div>\n\t\t\t\t\t<\/div>\n\t\t<\/div>\n\t\t\t\t\t<\/div>\n\t\t<\/div>\n\t\t<div class=\"elementor-element elementor-element-0c6c100 e-flex e-con-boxed e-con e-parent\" data-id=\"0c6c100\" data-element_type=\"container\" data-e-type=\"container\">\n\t\t\t\t\t<div class=\"e-con-inner\">\n\t\t\t\t<div class=\"elementor-element elementor-element-f2a3bc1 elementor-widget elementor-widget-button\" data-id=\"f2a3bc1\" data-element_type=\"widget\" data-e-type=\"widget\" data-widget_type=\"button.default\">\n\t\t\t\t<div class=\"elementor-widget-container\">\n\t\t\t\t\t\t\t\t\t<div class=\"elementor-button-wrapper\">\n\t\t\t\t\t<a class=\"elementor-button elementor-button-link elementor-size-sm\" href=\"https:\/\/sjjsolutions.com\/es\/products\/the-zero-residual-concept\/\">\n\t\t\t\t\t\t<span class=\"elementor-button-content-wrapper\">\n\t\t\t\t\t\t\t\t\t<span class=\"elementor-button-text\">Vea nuestro concepto<\/span>\n\t\t\t\t\t<\/span>\n\t\t\t\t\t<\/a>\n\t\t\t\t<\/div>\n\t\t\t\t\t\t\t\t<\/div>\n\t\t\t\t<\/div>\n\t\t\t\t<div class=\"elementor-element elementor-element-903150d elementor-widget elementor-widget-button\" data-id=\"903150d\" data-element_type=\"widget\" data-e-type=\"widget\" data-widget_type=\"button.default\">\n\t\t\t\t<div class=\"elementor-widget-container\">\n\t\t\t\t\t\t\t\t\t<div class=\"elementor-button-wrapper\">\n\t\t\t\t\t<a class=\"elementor-button elementor-button-link elementor-size-sm\" href=\"https:\/\/sjjsolutions.com\/es\/contact\/\">\n\t\t\t\t\t\t<span class=\"elementor-button-content-wrapper\">\n\t\t\t\t\t\t\t\t\t<span class=\"elementor-button-text\">Ac\u00e9rcate<\/span>\n\t\t\t\t\t<\/span>\n\t\t\t\t\t<\/a>\n\t\t\t\t<\/div>\n\t\t\t\t\t\t\t\t<\/div>\n\t\t\t\t<\/div>\n\t\t\t\t\t<\/div>\n\t\t\t\t<\/div>\n\t\t\t\t\t<\/div>\n\t\t<\/div>\n\t\t\t\t<div class=\"elementor-column elementor-col-50 elementor-top-column elementor-element elementor-element-39f97ec\" data-id=\"39f97ec\" data-element_type=\"column\" data-e-type=\"column\">\n\t\t\t<div class=\"elementor-widget-wrap elementor-element-populated\">\n\t\t\t\t\t\t<div class=\"elementor-element elementor-element-8de421a elementor-widget elementor-widget-image\" data-id=\"8de421a\" data-element_type=\"widget\" data-e-type=\"widget\" data-widget_type=\"image.default\">\n\t\t\t\t<div class=\"elementor-widget-container\">\n\t\t\t\t\t\t\t\t\t\t\t\t\t\t\t<img fetchpriority=\"high\" decoding=\"async\" width=\"800\" height=\"450\" src=\"https:\/\/sjjsolutions.com\/wp-content\/uploads\/2025\/03\/0.2_Needles_Cap-1024x576.png\" class=\"attachment-large size-large wp-image-11666\" alt=\"\" srcset=\"https:\/\/sjjsolutions.com\/wp-content\/uploads\/2025\/03\/0.2_Needles_Cap-1024x576.png 1024w, https:\/\/sjjsolutions.com\/wp-content\/uploads\/2025\/03\/0.2_Needles_Cap-300x169.png 300w, https:\/\/sjjsolutions.com\/wp-content\/uploads\/2025\/03\/0.2_Needles_Cap-768x432.png 768w, https:\/\/sjjsolutions.com\/wp-content\/uploads\/2025\/03\/0.2_Needles_Cap-1536x864.png 1536w, https:\/\/sjjsolutions.com\/wp-content\/uploads\/2025\/03\/0.2_Needles_Cap-2048x1152.png 2048w\" sizes=\"(max-width: 800px) 100vw, 800px\" \/>\t\t\t\t\t\t\t\t\t\t\t\t\t\t\t<\/div>\n\t\t\t\t<\/div>\n\t\t\t\t\t<\/div>\n\t\t<\/div>\n\t\t\t\t\t<\/div>\n\t\t<\/section>\n\t\t\t\t<section class=\"elementor-section elementor-top-section elementor-element elementor-element-d977448 elementor-reverse-mobile elementor-section-boxed elementor-section-height-default elementor-section-height-default\" data-id=\"d977448\" data-element_type=\"section\" data-e-type=\"section\" id=\"air-free\" data-settings=\"{&quot;background_background&quot;:&quot;classic&quot;}\">\n\t\t\t\t\t\t<div class=\"elementor-container elementor-column-gap-wide\">\n\t\t\t\t\t<div class=\"elementor-column elementor-col-100 elementor-top-column elementor-element elementor-element-be26099\" data-id=\"be26099\" data-element_type=\"column\" data-e-type=\"column\">\n\t\t\t<div class=\"elementor-widget-wrap elementor-element-populated\">\n\t\t\t\t\t\t<div class=\"elementor-section elementor-inner-section elementor-element elementor-element-7496448 inner-column-single elementor-section-full_width elementor-section-height-default elementor-section-height-default\" data-id=\"7496448\" data-element_type=\"section\" data-e-type=\"section\">\n\t\t\t\t\t\t<div class=\"elementor-container elementor-column-gap-no\">\n\t\t\t\t\t<div class=\"elementor-column elementor-col-100 elementor-inner-column elementor-element elementor-element-6baf094\" data-id=\"6baf094\" data-element_type=\"column\" data-e-type=\"column\">\n\t\t\t<div class=\"elementor-widget-wrap elementor-element-populated\">\n\t\t\t\t\t\t<div class=\"elementor-element elementor-element-bd86a34 elementor-widget elementor-widget-spacer\" data-id=\"bd86a34\" data-element_type=\"widget\" data-e-type=\"widget\" data-widget_type=\"spacer.default\">\n\t\t\t\t<div class=\"elementor-widget-container\">\n\t\t\t\t\t\t\t<div class=\"elementor-spacer\">\n\t\t\t<div class=\"elementor-spacer-inner\"><\/div>\n\t\t<\/div>\n\t\t\t\t\t\t<\/div>\n\t\t\t\t<\/div>\n\t\t\t\t<div class=\"elementor-element elementor-element-e8405a7 elementor-widget elementor-widget-heading\" data-id=\"e8405a7\" data-element_type=\"widget\" data-e-type=\"widget\" data-widget_type=\"heading.default\">\n\t\t\t\t<div class=\"elementor-widget-container\">\n\t\t\t\t\t<h2 class=\"elementor-heading-title elementor-size-default\">Filling solutions<\/h2>\t\t\t\t<\/div>\n\t\t\t\t<\/div>\n\t\t\t\t<div class=\"elementor-element elementor-element-3bb4dad elementor-widget__width-initial elementor-widget elementor-widget-text-editor\" data-id=\"3bb4dad\" data-element_type=\"widget\" data-e-type=\"widget\" data-widget_type=\"text-editor.default\">\n\t\t\t\t<div class=\"elementor-widget-container\">\n\t\t\t\t\t\t\t\t\t<p>Las soluciones como el adaptador de burbujas Zero Residual\u2122 son ideales para rellenar varias jeringas a partir de un vial. Dado que el medicamento suele extraerse en un dep\u00f3sito\/jeringa de transferencia de gran tama\u00f1o que est\u00e1 muy siliconada o contiene otras part\u00edculas, la calidad del medicamento o de la inyecci\u00f3n puede verse comprometida, incluso antes de que se haya introducido en la jeringa que se utiliza para la inyecci\u00f3n. El adaptador Zero Residual\u2122 Bubble elimina estos riesgos, ya que el adaptador est\u00e1 libre de aceite de silicona y part\u00edculas, y las burbujas de aire pueden evitarse f\u00e1cilmente durante el prellenado gracias a su dise\u00f1o (en comparaci\u00f3n con las jeringas de dep\u00f3sito que necesitan ser agitadas).<\/p><p>Cuando la calidad y la eficacia son importantes, el adaptador debe utilizarse para precargar inyecciones de peque\u00f1o volumen sin burbujas de aire.<\/p><p>\u00bfEst\u00e1 interesado en el llenado sin aire? Solicite una demostraci\u00f3n a uno de nuestros especialistas de producto.<\/p>\t\t\t\t\t\t\t\t<\/div>\n\t\t\t\t<\/div>\n\t\t<div class=\"elementor-element elementor-element-c72cb63 e-flex e-con-boxed e-con e-parent\" data-id=\"c72cb63\" data-element_type=\"container\" data-e-type=\"container\">\n\t\t\t\t\t<div class=\"e-con-inner\">\n\t\t\t\t<div class=\"elementor-element elementor-element-bacb7ba elementor-widget elementor-widget-button\" data-id=\"bacb7ba\" data-element_type=\"widget\" data-e-type=\"widget\" data-widget_type=\"button.default\">\n\t\t\t\t<div class=\"elementor-widget-container\">\n\t\t\t\t\t\t\t\t\t<div class=\"elementor-button-wrapper\">\n\t\t\t\t\t<a class=\"elementor-button elementor-button-link elementor-size-sm\" href=\"https:\/\/sjjsolutions.com\/es\/products\/the-zero-residual-concept\/\">\n\t\t\t\t\t\t<span class=\"elementor-button-content-wrapper\">\n\t\t\t\t\t\t\t\t\t<span class=\"elementor-button-text\">Vea nuestro concepto<\/span>\n\t\t\t\t\t<\/span>\n\t\t\t\t\t<\/a>\n\t\t\t\t<\/div>\n\t\t\t\t\t\t\t\t<\/div>\n\t\t\t\t<\/div>\n\t\t\t\t<div class=\"elementor-element elementor-element-e1d549d elementor-widget elementor-widget-button\" data-id=\"e1d549d\" data-element_type=\"widget\" data-e-type=\"widget\" data-widget_type=\"button.default\">\n\t\t\t\t<div class=\"elementor-widget-container\">\n\t\t\t\t\t\t\t\t\t<div class=\"elementor-button-wrapper\">\n\t\t\t\t\t<a class=\"elementor-button elementor-button-link elementor-size-sm\" href=\"https:\/\/sjjsolutions.com\/es\/contact\/\">\n\t\t\t\t\t\t<span class=\"elementor-button-content-wrapper\">\n\t\t\t\t\t\t\t\t\t<span class=\"elementor-button-text\">Ac\u00e9rcate<\/span>\n\t\t\t\t\t<\/span>\n\t\t\t\t\t<\/a>\n\t\t\t\t<\/div>\n\t\t\t\t\t\t\t\t<\/div>\n\t\t\t\t<\/div>\n\t\t\t\t\t<\/div>\n\t\t\t\t<\/div>\n\t\t\t\t\t<\/div>\n\t\t<\/div>\n\t\t\t\t\t<\/div>\n\t\t<\/div>\n\t\t\t\t<div class=\"elementor-element elementor-element-b57e835 elementor-widget elementor-widget-spacer\" data-id=\"b57e835\" data-element_type=\"widget\" data-e-type=\"widget\" data-widget_type=\"spacer.default\">\n\t\t\t\t<div class=\"elementor-widget-container\">\n\t\t\t\t\t\t\t<div class=\"elementor-spacer\">\n\t\t\t<div class=\"elementor-spacer-inner\"><\/div>\n\t\t<\/div>\n\t\t\t\t\t\t<\/div>\n\t\t\t\t<\/div>\n\t\t\t\t\t<\/div>\n\t\t<\/div>\n\t\t\t\t\t<\/div>\n\t\t<\/section>\n\t\t\t\t<section class=\"elementor-section elementor-top-section elementor-element elementor-element-d433e4d elementor-section-boxed elementor-section-height-default elementor-section-height-default\" data-id=\"d433e4d\" data-element_type=\"section\" data-e-type=\"section\" id=\"usp789\" data-settings=\"{&quot;background_background&quot;:&quot;classic&quot;}\">\n\t\t\t\t\t\t<div class=\"elementor-container elementor-column-gap-wide\">\n\t\t\t\t\t<div class=\"elementor-column elementor-col-50 elementor-top-column elementor-element elementor-element-cd96cdb\" data-id=\"cd96cdb\" data-element_type=\"column\" data-e-type=\"column\">\n\t\t\t<div class=\"elementor-widget-wrap elementor-element-populated\">\n\t\t\t\t\t\t<div class=\"elementor-element elementor-element-21d1b07 elementor-widget elementor-widget-spacer\" data-id=\"21d1b07\" data-element_type=\"widget\" data-e-type=\"widget\" data-widget_type=\"spacer.default\">\n\t\t\t\t<div class=\"elementor-widget-container\">\n\t\t\t\t\t\t\t<div class=\"elementor-spacer\">\n\t\t\t<div class=\"elementor-spacer-inner\"><\/div>\n\t\t<\/div>\n\t\t\t\t\t\t<\/div>\n\t\t\t\t<\/div>\n\t\t\t\t<div class=\"elementor-element elementor-element-cfd3fa4 elementor-widget elementor-widget-heading\" data-id=\"cfd3fa4\" data-element_type=\"widget\" data-e-type=\"widget\" data-widget_type=\"heading.default\">\n\t\t\t\t<div class=\"elementor-widget-container\">\n\t\t\t\t\t<h2 class=\"elementor-heading-title elementor-size-default\">USP Part\u00edculas en soluciones oft\u00e1lmicas<\/h2>\t\t\t\t<\/div>\n\t\t\t\t<\/div>\n\t\t\t\t<div class=\"elementor-element elementor-element-41e2275 elementor-widget elementor-widget-text-editor\" data-id=\"41e2275\" data-element_type=\"widget\" data-e-type=\"widget\" data-widget_type=\"text-editor.default\">\n\t\t\t\t<div class=\"elementor-widget-container\">\n\t\t\t\t\t\t\t\t\t<p>Las soluciones oft\u00e1lmicas deben estar esencialmente libres de part\u00edculas. La USP  limita estrictamente las part\u00edculas subvisibles en las soluciones oft\u00e1lmicas. Para identificar las part\u00edculas y sus respectivos tama\u00f1os se utilizan la Obscuraci\u00f3n por Luz y, en algunos casos, la Membrana Microsc\u00f3pica.<\/p><p>Los productos Zero Residual\u2122 se sit\u00faan dentro de los l\u00edmites establecidos, lo que proporciona una buena base de referencia para nuestros clientes que utilizan los productos en el punto de atenci\u00f3n.<\/p>\t\t\t\t\t\t\t\t<\/div>\n\t\t\t\t<\/div>\n\t\t\t\t<div class=\"elementor-element elementor-element-fd24bad elementor-tablet-align-right elementor-mobile-align-left elementor-widget elementor-widget-button\" data-id=\"fd24bad\" data-element_type=\"widget\" data-e-type=\"widget\" data-widget_type=\"button.default\">\n\t\t\t\t<div class=\"elementor-widget-container\">\n\t\t\t\t\t\t\t\t\t<div class=\"elementor-button-wrapper\">\n\t\t\t\t\t<a class=\"elementor-button elementor-button-link elementor-size-sm\" href=\"https:\/\/sjjsolutions.com\/es\/resources\/usp-particulate-matter-in-ophthalmic-solutions\/\">\n\t\t\t\t\t\t<span class=\"elementor-button-content-wrapper\">\n\t\t\t\t\t\t<span class=\"elementor-button-icon\">\n\t\t\t\t<i aria-hidden=\"true\" class=\"lnr lnr-arrow-right\"><\/i>\t\t\t<\/span>\n\t\t\t\t\t\t\t\t\t<span class=\"elementor-button-text\">M\u00e1s informaci\u00f3n <\/span>\n\t\t\t\t\t<\/span>\n\t\t\t\t\t<\/a>\n\t\t\t\t<\/div>\n\t\t\t\t\t\t\t\t<\/div>\n\t\t\t\t<\/div>\n\t\t\t\t<div class=\"elementor-element elementor-element-086570e elementor-widget elementor-widget-spacer\" data-id=\"086570e\" data-element_type=\"widget\" data-e-type=\"widget\" data-widget_type=\"spacer.default\">\n\t\t\t\t<div class=\"elementor-widget-container\">\n\t\t\t\t\t\t\t<div class=\"elementor-spacer\">\n\t\t\t<div class=\"elementor-spacer-inner\"><\/div>\n\t\t<\/div>\n\t\t\t\t\t\t<\/div>\n\t\t\t\t<\/div>\n\t\t\t\t\t<\/div>\n\t\t<\/div>\n\t\t\t\t<div class=\"elementor-column elementor-col-50 elementor-top-column elementor-element elementor-element-8db170f\" data-id=\"8db170f\" data-element_type=\"column\" data-e-type=\"column\">\n\t\t\t<div class=\"elementor-widget-wrap elementor-element-populated\">\n\t\t\t\t\t\t<div class=\"elementor-element elementor-element-8582ba0 elementor-widget elementor-widget-image\" data-id=\"8582ba0\" data-element_type=\"widget\" data-e-type=\"widget\" data-widget_type=\"image.default\">\n\t\t\t\t<div class=\"elementor-widget-container\">\n\t\t\t\t\t\t\t\t\t\t\t\t\t\t\t<img decoding=\"async\" width=\"800\" height=\"584\" src=\"https:\/\/sjjsolutions.com\/wp-content\/uploads\/2022\/11\/bjophthalmol-2020-February-104-2-291-F1.large_-1024x748.webp\" class=\"attachment-large size-large wp-image-6385\" alt=\"Silicone oil in eye\" srcset=\"https:\/\/sjjsolutions.com\/wp-content\/uploads\/2022\/11\/bjophthalmol-2020-February-104-2-291-F1.large_-1024x748.webp 1024w, https:\/\/sjjsolutions.com\/wp-content\/uploads\/2022\/11\/bjophthalmol-2020-February-104-2-291-F1.large_-300x219.webp 300w, https:\/\/sjjsolutions.com\/wp-content\/uploads\/2022\/11\/bjophthalmol-2020-February-104-2-291-F1.large_-768x561.webp 768w, https:\/\/sjjsolutions.com\/wp-content\/uploads\/2022\/11\/bjophthalmol-2020-February-104-2-291-F1.large_.webp 1280w\" sizes=\"(max-width: 800px) 100vw, 800px\" \/>\t\t\t\t\t\t\t\t\t\t\t\t\t\t\t<\/div>\n\t\t\t\t<\/div>\n\t\t\t\t\t<\/div>\n\t\t<\/div>\n\t\t\t\t\t<\/div>\n\t\t<\/section>\n\t\t\t\t<\/div>","protected":false},"excerpt":{"rendered":"<p>Our solutions \u2018\u2018We bridge the gap between vial and small dose injections.\u2019 SJJ Solutions is an innovative medical device company that brings quality and efficiency to the market of small volume injections. Our products and tools allow our users to easily extract medicine from a vial into a syringe with high efficiency while reducing the [&hellip;]<\/p>\n","protected":false},"author":10,"featured_media":0,"parent":0,"menu_order":0,"comment_status":"closed","ping_status":"closed","template":"","meta":{"footnotes":""},"class_list":["post-6570","page","type-page","status-publish","hentry"],"_links":{"self":[{"href":"https:\/\/sjjsolutions.com\/es\/wp-json\/wp\/v2\/pages\/6570","targetHints":{"allow":["GET"]}}],"collection":[{"href":"https:\/\/sjjsolutions.com\/es\/wp-json\/wp\/v2\/pages"}],"about":[{"href":"https:\/\/sjjsolutions.com\/es\/wp-json\/wp\/v2\/types\/page"}],"author":[{"embeddable":true,"href":"https:\/\/sjjsolutions.com\/es\/wp-json\/wp\/v2\/users\/10"}],"replies":[{"embeddable":true,"href":"https:\/\/sjjsolutions.com\/es\/wp-json\/wp\/v2\/comments?post=6570"}],"version-history":[{"count":0,"href":"https:\/\/sjjsolutions.com\/es\/wp-json\/wp\/v2\/pages\/6570\/revisions"}],"wp:attachment":[{"href":"https:\/\/sjjsolutions.com\/es\/wp-json\/wp\/v2\/media?parent=6570"}],"curies":[{"name":"wp","href":"https:\/\/api.w.org\/{rel}","templated":true}]}}