{"id":263,"date":"2022-04-21T12:43:51","date_gmt":"2022-04-21T12:43:51","guid":{"rendered":"https:\/\/test.sjjsolutions.com\/?page_id=263"},"modified":"2025-03-18T09:29:33","modified_gmt":"2025-03-18T09:29:33","slug":"partners","status":"publish","type":"page","link":"https:\/\/sjjsolutions.com\/es\/partners\/","title":{"rendered":"Socios"},"content":{"rendered":"<div data-elementor-type=\"wp-page\" data-elementor-id=\"263\" class=\"elementor elementor-263\" data-elementor-post-type=\"page\">\n\t\t\t\t\t\t<section class=\"elementor-section elementor-top-section elementor-element elementor-element-41c18ee page-top-section elementor-section-height-min-height elementor-section-boxed elementor-section-height-default elementor-section-items-middle\" data-id=\"41c18ee\" data-element_type=\"section\" data-e-type=\"section\" data-settings=\"{&quot;sticky&quot;:&quot;top&quot;,&quot;sticky_offset&quot;:90,&quot;sticky_on&quot;:[],&quot;background_background&quot;:&quot;classic&quot;,&quot;sticky_effects_offset&quot;:0,&quot;sticky_anchor_link_offset&quot;:0}\">\n\t\t\t\t\t\t<div class=\"elementor-container elementor-column-gap-wide\">\n\t\t\t\t\t<div class=\"elementor-column elementor-col-50 elementor-top-column elementor-element elementor-element-eff05c2\" data-id=\"eff05c2\" data-element_type=\"column\" data-e-type=\"column\">\n\t\t\t<div class=\"elementor-widget-wrap elementor-element-populated\">\n\t\t\t\t\t\t<div class=\"elementor-element elementor-element-e290719 elementor-widget elementor-widget-heading\" data-id=\"e290719\" data-element_type=\"widget\" data-e-type=\"widget\" data-widget_type=\"heading.default\">\n\t\t\t\t<div class=\"elementor-widget-container\">\n\t\t\t\t\t<h1 class=\"elementor-heading-title elementor-size-default\">Socios<\/h1>\t\t\t\t<\/div>\n\t\t\t\t<\/div>\n\t\t\t\t<div class=\"elementor-element elementor-element-3faaacc elementor-widget elementor-widget-text-editor\" data-id=\"3faaacc\" data-element_type=\"widget\" data-e-type=\"widget\" data-widget_type=\"text-editor.default\">\n\t\t\t\t<div class=\"elementor-widget-container\">\n\t\t\t\t\t\t\t\t\t<p><em>\"Esta jeringa cambiar\u00e1 la forma en que ves las jeringas\".<\/em><\/p>\t\t\t\t\t\t\t\t<\/div>\n\t\t\t\t<\/div>\n\t\t\t\t\t<\/div>\n\t\t<\/div>\n\t\t\t\t<div class=\"elementor-column elementor-col-50 elementor-top-column elementor-element elementor-element-3258f32\" data-id=\"3258f32\" data-element_type=\"column\" data-e-type=\"column\">\n\t\t\t<div class=\"elementor-widget-wrap elementor-element-populated\">\n\t\t\t\t\t\t<div class=\"elementor-element elementor-element-25713c7 elementor-widget elementor-widget-text-editor\" data-id=\"25713c7\" data-element_type=\"widget\" data-e-type=\"widget\" data-widget_type=\"text-editor.default\">\n\t\t\t\t<div class=\"elementor-widget-container\">\n\t\t\t\t\t\t\t\t\t<p>Contamos con un s\u00f3lido equipo de oftalm\u00f3logos y cient\u00edficos l\u00edderes que se han convertido en parte de la columna vertebral de SJJ Solutions. A trav\u00e9s de la colaboraci\u00f3n, determinamos qu\u00e9 investigaciones deben realizarse y qu\u00e9 pruebas deben realizarse para mejorar la calidad de las IVI en todo el mundo.\u00a0<\/p>\t\t\t\t\t\t\t\t<\/div>\n\t\t\t\t<\/div>\n\t\t\t\t\t<\/div>\n\t\t<\/div>\n\t\t\t\t\t<\/div>\n\t\t<\/section>\n\t\t\t\t<section class=\"elementor-section elementor-top-section elementor-element elementor-element-0ce967c elementor-section-boxed elementor-section-height-default elementor-section-height-default\" data-id=\"0ce967c\" data-element_type=\"section\" data-e-type=\"section\" data-settings=\"{&quot;background_background&quot;:&quot;classic&quot;}\">\n\t\t\t\t\t\t<div class=\"elementor-container elementor-column-gap-default\">\n\t\t\t\t\t<div class=\"elementor-column elementor-col-100 elementor-top-column elementor-element elementor-element-6d41b28\" data-id=\"6d41b28\" data-element_type=\"column\" data-e-type=\"column\">\n\t\t\t<div class=\"elementor-widget-wrap elementor-element-populated\">\n\t\t\t\t\t\t<section class=\"elementor-section elementor-inner-section elementor-element elementor-element-3c0e4fe elementor-section-boxed elementor-section-height-default elementor-section-height-default\" data-id=\"3c0e4fe\" data-element_type=\"section\" data-e-type=\"section\">\n\t\t\t\t\t\t<div class=\"elementor-container elementor-column-gap-default\">\n\t\t\t\t\t<div class=\"elementor-column elementor-col-33 elementor-inner-column elementor-element elementor-element-56ec533\" data-id=\"56ec533\" data-element_type=\"column\" data-e-type=\"column\">\n\t\t\t<div class=\"elementor-widget-wrap elementor-element-populated\">\n\t\t\t\t\t\t<div class=\"elementor-element elementor-element-cec07e1 partner-type elementor-widget elementor-widget-heading\" data-id=\"cec07e1\" data-element_type=\"widget\" data-e-type=\"widget\" data-widget_type=\"heading.default\">\n\t\t\t\t<div class=\"elementor-widget-container\">\n\t\t\t\t\t<span class=\"elementor-heading-title elementor-size-default\">Investigadores asociados<\/span>\t\t\t\t<\/div>\n\t\t\t\t<\/div>\n\t\t\t\t<div class=\"elementor-element elementor-element-e28f7f9 elementor-widget elementor-widget-heading\" data-id=\"e28f7f9\" data-element_type=\"widget\" data-e-type=\"widget\" data-widget_type=\"heading.default\">\n\t\t\t\t<div class=\"elementor-widget-container\">\n\t\t\t\t\t<h2 class=\"elementor-heading-title elementor-size-default\">Oslo University Hospital<\/h2>\t\t\t\t<\/div>\n\t\t\t\t<\/div>\n\t\t\t\t<div class=\"elementor-element elementor-element-04ca414 partner-link elementor-widget elementor-widget-heading\" data-id=\"04ca414\" data-element_type=\"widget\" data-e-type=\"widget\" data-widget_type=\"heading.default\">\n\t\t\t\t<div class=\"elementor-widget-container\">\n\t\t\t\t\t<span class=\"elementor-heading-title elementor-size-default\"><a href=\"https:\/\/www.ous-research.no\/\" target=\"_blank\">Visita el sitio web del socio<\/a><\/span>\t\t\t\t<\/div>\n\t\t\t\t<\/div>\n\t\t\t\t\t<\/div>\n\t\t<\/div>\n\t\t\t\t<div class=\"elementor-column elementor-col-33 elementor-inner-column elementor-element elementor-element-2d6d056\" data-id=\"2d6d056\" data-element_type=\"column\" data-e-type=\"column\">\n\t\t\t<div class=\"elementor-widget-wrap elementor-element-populated\">\n\t\t\t\t\t\t<div class=\"elementor-element elementor-element-e3818b4 elementor-widget elementor-widget-text-editor\" data-id=\"e3818b4\" data-element_type=\"widget\" data-e-type=\"widget\" data-widget_type=\"text-editor.default\">\n\t\t\t\t<div class=\"elementor-widget-container\">\n\t\t\t\t\t\t\t\t\t<p>El Hospital Universitario de Oslo es un hospital altamente especializado que se encarga de amplias misiones hospitalarias regionales y locales. El hospital tambi\u00e9n tiene responsabilidad nacional en diversas misiones nacionales y multirregionales y cuenta con varios centros nacionales de competencia.<\/p>\t\t\t\t\t\t\t\t<\/div>\n\t\t\t\t<\/div>\n\t\t\t\t\t<\/div>\n\t\t<\/div>\n\t\t\t\t<div class=\"elementor-column elementor-col-33 elementor-inner-column elementor-element elementor-element-355566b\" data-id=\"355566b\" data-element_type=\"column\" data-e-type=\"column\">\n\t\t\t<div class=\"elementor-widget-wrap elementor-element-populated\">\n\t\t\t\t\t\t<div class=\"elementor-element elementor-element-8f8c5c7 elementor-widget elementor-widget-image\" data-id=\"8f8c5c7\" data-element_type=\"widget\" data-e-type=\"widget\" data-widget_type=\"image.default\">\n\t\t\t\t<div class=\"elementor-widget-container\">\n\t\t\t\t\t\t\t\t\t\t\t\t\t\t\t<img decoding=\"async\" width=\"300\" height=\"68\" src=\"https:\/\/sjjsolutions.com\/wp-content\/uploads\/2022\/11\/oslo-university-logo-300x68.webp\" class=\"attachment-medium size-medium wp-image-6408\" alt=\"\" srcset=\"https:\/\/sjjsolutions.com\/wp-content\/uploads\/2022\/11\/oslo-university-logo-300x68.webp 300w, https:\/\/sjjsolutions.com\/wp-content\/uploads\/2022\/11\/oslo-university-logo.webp 492w\" sizes=\"(max-width: 300px) 100vw, 300px\" \/>\t\t\t\t\t\t\t\t\t\t\t\t\t\t\t<\/div>\n\t\t\t\t<\/div>\n\t\t\t\t\t<\/div>\n\t\t<\/div>\n\t\t\t\t\t<\/div>\n\t\t<\/section>\n\t\t\t\t<section class=\"elementor-section elementor-inner-section elementor-element elementor-element-5db4374 elementor-section-boxed elementor-section-height-default elementor-section-height-default\" data-id=\"5db4374\" data-element_type=\"section\" data-e-type=\"section\">\n\t\t\t\t\t\t<div class=\"elementor-container elementor-column-gap-default\">\n\t\t\t\t\t<div class=\"elementor-column elementor-col-33 elementor-inner-column elementor-element elementor-element-6e8e34e\" data-id=\"6e8e34e\" data-element_type=\"column\" data-e-type=\"column\">\n\t\t\t<div class=\"elementor-widget-wrap elementor-element-populated\">\n\t\t\t\t\t\t<div class=\"elementor-element elementor-element-f781718 partner-type elementor-widget elementor-widget-heading\" data-id=\"f781718\" data-element_type=\"widget\" data-e-type=\"widget\" data-widget_type=\"heading.default\">\n\t\t\t\t<div class=\"elementor-widget-container\">\n\t\t\t\t\t<span class=\"elementor-heading-title elementor-size-default\">Investigadores asociados<\/span>\t\t\t\t<\/div>\n\t\t\t\t<\/div>\n\t\t\t\t<div class=\"elementor-element elementor-element-56af839 elementor-widget elementor-widget-heading\" data-id=\"56af839\" data-element_type=\"widget\" data-e-type=\"widget\" data-widget_type=\"heading.default\">\n\t\t\t\t<div class=\"elementor-widget-container\">\n\t\t\t\t\t<h2 class=\"elementor-heading-title elementor-size-default\">INVEN2<\/h2>\t\t\t\t<\/div>\n\t\t\t\t<\/div>\n\t\t\t\t<div class=\"elementor-element elementor-element-be77d63 partner-link elementor-widget elementor-widget-heading\" data-id=\"be77d63\" data-element_type=\"widget\" data-e-type=\"widget\" data-widget_type=\"heading.default\">\n\t\t\t\t<div class=\"elementor-widget-container\">\n\t\t\t\t\t<span class=\"elementor-heading-title elementor-size-default\"><a href=\"https:\/\/www.inven2.com\/\" target=\"_blank\">Visita el sitio web del socio<\/a><\/span>\t\t\t\t<\/div>\n\t\t\t\t<\/div>\n\t\t\t\t\t<\/div>\n\t\t<\/div>\n\t\t\t\t<div class=\"elementor-column elementor-col-33 elementor-inner-column elementor-element elementor-element-45511d5\" data-id=\"45511d5\" data-element_type=\"column\" data-e-type=\"column\">\n\t\t\t<div class=\"elementor-widget-wrap elementor-element-populated\">\n\t\t\t\t\t\t<div class=\"elementor-element elementor-element-a13d64b elementor-widget elementor-widget-text-editor\" data-id=\"a13d64b\" data-element_type=\"widget\" data-e-type=\"widget\" data-widget_type=\"text-editor.default\">\n\t\t\t\t<div class=\"elementor-widget-container\">\n\t\t\t\t\t\t\t\t\t<p>Inven2 es responsable de evaluar y comercializar investigaciones innovadoras realizadas en la Universidad de Oslo, el Hospital Universitario de Oslo y los fideicomisos de salud dependientes de la Autoridad Sanitaria Regional del Sudeste de Noruega.<\/p>\t\t\t\t\t\t\t\t<\/div>\n\t\t\t\t<\/div>\n\t\t\t\t\t<\/div>\n\t\t<\/div>\n\t\t\t\t<div class=\"elementor-column elementor-col-33 elementor-inner-column elementor-element elementor-element-0f0d35d\" data-id=\"0f0d35d\" data-element_type=\"column\" data-e-type=\"column\">\n\t\t\t<div class=\"elementor-widget-wrap elementor-element-populated\">\n\t\t\t\t\t\t<div class=\"elementor-element elementor-element-d36952f elementor-widget elementor-widget-image\" data-id=\"d36952f\" data-element_type=\"widget\" data-e-type=\"widget\" data-widget_type=\"image.default\">\n\t\t\t\t<div class=\"elementor-widget-container\">\n\t\t\t\t\t\t\t\t\t\t\t\t\t\t\t<img decoding=\"async\" src=\"https:\/\/sjjsolutions.com\/wp-content\/uploads\/2022\/11\/inven2-logo-transparent.webp\" title=\"inven2-logo-transparent\" alt=\"inven2-logo-transparent\" loading=\"lazy\" \/>\t\t\t\t\t\t\t\t\t\t\t\t\t\t\t<\/div>\n\t\t\t\t<\/div>\n\t\t\t\t\t<\/div>\n\t\t<\/div>\n\t\t\t\t\t<\/div>\n\t\t<\/section>\n\t\t\t\t\t<\/div>\n\t\t<\/div>\n\t\t\t\t\t<\/div>\n\t\t<\/section>\n\t\t\t\t<\/div>","protected":false},"excerpt":{"rendered":"<p>Our partners \u2018\u2018This syringe will change the way you look at syringes.\u2019\u2019 We rely on a sound team of leading ophthalmologists and scientists who have become part of the backbone of SJJ Solutions. Through collaboration\u00a0 we determine what research needs to be conducted and what tests have to be performed to improve the quality of [&hellip;]<\/p>\n","protected":false},"author":1,"featured_media":0,"parent":0,"menu_order":0,"comment_status":"closed","ping_status":"closed","template":"","meta":{"footnotes":""},"class_list":["post-263","page","type-page","status-publish","hentry"],"_links":{"self":[{"href":"https:\/\/sjjsolutions.com\/es\/wp-json\/wp\/v2\/pages\/263","targetHints":{"allow":["GET"]}}],"collection":[{"href":"https:\/\/sjjsolutions.com\/es\/wp-json\/wp\/v2\/pages"}],"about":[{"href":"https:\/\/sjjsolutions.com\/es\/wp-json\/wp\/v2\/types\/page"}],"author":[{"embeddable":true,"href":"https:\/\/sjjsolutions.com\/es\/wp-json\/wp\/v2\/users\/1"}],"replies":[{"embeddable":true,"href":"https:\/\/sjjsolutions.com\/es\/wp-json\/wp\/v2\/comments?post=263"}],"version-history":[{"count":12,"href":"https:\/\/sjjsolutions.com\/es\/wp-json\/wp\/v2\/pages\/263\/revisions"}],"predecessor-version":[{"id":11633,"href":"https:\/\/sjjsolutions.com\/es\/wp-json\/wp\/v2\/pages\/263\/revisions\/11633"}],"wp:attachment":[{"href":"https:\/\/sjjsolutions.com\/es\/wp-json\/wp\/v2\/media?parent=263"}],"curies":[{"name":"wp","href":"https:\/\/api.w.org\/{rel}","templated":true}]}}