{"id":10394,"date":"2025-01-16T14:16:10","date_gmt":"2025-01-16T14:16:10","guid":{"rendered":"https:\/\/test.sjjsolutions.com\/?page_id=10394"},"modified":"2026-04-01T14:56:37","modified_gmt":"2026-04-01T14:56:37","slug":"publications","status":"publish","type":"page","link":"https:\/\/sjjsolutions.com\/es\/publications\/","title":{"rendered":"Publicaciones"},"content":{"rendered":"<div data-elementor-type=\"wp-page\" data-elementor-id=\"10394\" class=\"elementor elementor-10394\" data-elementor-post-type=\"page\">\n\t\t\t\t\t\t<section class=\"elementor-section elementor-top-section elementor-element elementor-element-f2fcc49 elementor-section-height-full elementor-section-content-middle elementor-section-boxed elementor-section-height-default elementor-section-items-middle\" data-id=\"f2fcc49\" data-element_type=\"section\" data-e-type=\"section\" data-settings=\"{&quot;background_background&quot;:&quot;classic&quot;}\">\n\t\t\t\t\t\t<div class=\"elementor-container elementor-column-gap-wider\">\n\t\t\t\t\t<div class=\"elementor-column elementor-col-100 elementor-top-column elementor-element elementor-element-2bda3a7\" data-id=\"2bda3a7\" data-element_type=\"column\" data-e-type=\"column\">\n\t\t\t<div class=\"elementor-widget-wrap elementor-element-populated\">\n\t\t\t\t\t\t<div class=\"elementor-element elementor-element-0a669ba elementor-widget elementor-widget-heading\" data-id=\"0a669ba\" data-element_type=\"widget\" data-e-type=\"widget\" data-widget_type=\"heading.default\">\n\t\t\t\t<div class=\"elementor-widget-container\">\n\t\t\t\t\t<h2 class=\"elementor-heading-title elementor-size-default\">Science<\/h2>\t\t\t\t<\/div>\n\t\t\t\t<\/div>\n\t\t\t\t<div class=\"elementor-element elementor-element-c003805 elementor-widget elementor-widget-ucaddon_post_magazine_grid\" data-id=\"c003805\" data-element_type=\"widget\" data-e-type=\"widget\" data-widget_type=\"ucaddon_post_magazine_grid.default\">\n\t\t\t\t<div class=\"elementor-widget-container\">\n\t\t\t\t\t\n<!-- start Post Magazine Grid -->\n\t\t<link id='font-awesome-css' href='https:\/\/sjjsolutions.com\/wp-content\/plugins\/unlimited-elements-for-elementor-premium\/assets_libraries\/font-awesome6\/fontawesome-all.min.css' type='text\/css' rel='stylesheet' >\n\t\t<link id='font-awesome-4-shim-css' href='https:\/\/sjjsolutions.com\/wp-content\/plugins\/unlimited-elements-for-elementor-premium\/assets_libraries\/font-awesome6\/fontawesome-v4-shims.min.css' type='text\/css' rel='stylesheet' >\n\n<style>\/* widget: Post Magazine Grid *\/\n\n\n\n#uc_post_magazine_grid_elementor_c003805 *{\n  box-sizing:border-box;\n}\n\n#uc_post_magazine_grid_elementor_c003805{\n  display: grid;\n  grid-auto-rows: 1fr;\n}\n\n#uc_post_magazine_grid_elementor_c003805 div.ue-grid-item{\n  overflow:hidden;\n  display:flex;\n  position:relative;\n}\n\n#uc_post_magazine_grid_elementor_c003805 .ue-grid-item-intro{\n  position: relative;\n  z-index: 1;\n}\n\n#uc_post_magazine_grid_elementor_c003805 .ue-grid-item-image img{\n  width:100%;\n  display:block;\n}\n\n#uc_post_magazine_grid_elementor_c003805.ue-layout-cover .ue-grid-item-image{\n  position:absolute;\n  top:0;\n  left:0;\n  bottom:0;\n  right:0;\n}\n\n#uc_post_magazine_grid_elementor_c003805.ue-layout-cover .ue-grid-item-image img{\n  height:100%;\n  object-fit: cover;\n}\n\n#uc_post_magazine_grid_elementor_c003805.ue-layout-cover .ue-grid-item-content{\n  position:absolute;\n  width:100%;\n  bottom:0px;\n}\n\n#uc_post_magazine_grid_elementor_c003805 .ue-grid-item-image-overlay{\n  position:absolute;\n  z-index: 1;\n  width:100%;\n  top:0;\n  display:block;\n  bottom:0;\n  height:100%;\n  transition:0.3s;\n}\n\n.ue-grid-item-title a{\n  font-size:21px;\n  font-weight:bold;\n  position: relative;\n  z-index: 1;  \n}\n\n.ue-grid-item-category a{\n  display:inline-block;\n  font-size:10px;\n  text-transform:uppercase;\n  position: relative;\n  z-index: 1; \n}\n\n#uc_post_magazine_grid_elementor_c003805 .uc_more_btn{\n  text-align:center;\n  text-decoration:none;\n  transition:0.3s;\n  position: relative;\n  z-index: 1;\n}\n\n#uc_post_magazine_grid_elementor_c003805 .ue-grid-item-meta-data{\n  display:flex;\n  flex-wrap: wrap;\n}\n\n.ue-grid-item-meta-data{\n  font-size:12px;\n}\n\n#uc_post_magazine_grid_elementor_c003805 .ue-grid-item-meta-data-icon{\n  line-height:1em;\n}\n\n#uc_post_magazine_grid_elementor_c003805 .ue-grid-item-meta-data-icon svg{\n  width:1em;\n  height:1em;\n}\n\n\n\n#uc_post_magazine_grid_elementor_c003805 .ue-date-calendar{\n     position:absolute;\n     top:0px;\n     left:0px;\n     text-align:center;\n}\n\n@media only screen and (max-width: 600px) {\n  #uc_post_magazine_grid_elementor_c003805 div.ue-grid-item  {\n    grid-column: span 1;\n    grid-row: span 1;\n  }\n  \n  #uc_post_magazine_grid_elementor_c003805  {\n  grid-template-columns: repeat(1, 1fr);\n  }\n}\n\n\n\n<\/style>\n\n<div id=\"uc_post_magazine_grid_elementor_c003805\" class=\"post_magazine_grid ue-layout-cover uc-items-wrapper\" >\n\t\n<div class=\"ue-grid-item\">\n  \n\t<div class=\"ue-grid-item-image\">\n       \n          <img fetchpriority=\"high\" decoding=\"async\" src=\"https:\/\/sjjsolutions.com\/wp-content\/uploads\/2025\/03\/0.2_Needles_Cap-768x432.png\"  alt=\"0.2_Needles_Cap\" width=\"768\" height=\"432\">  \n      \t\n\t        \n      <a class=\"ue-grid-item-image-overlay\" href=\"https:\/\/sjjsolutions.com\/es\/resources\/the-effect-of-syringe-design-and-cannula-dimensions-on-time-force-curve-in-intravitreal-injection-across-different-drug-viscosities-area-under-the-curve-and-peak-injection-force\/\" aria-label=\"Read more about The effect of syringe design and cannula dimensions on time-force curve in intravitreal injection across different drug viscosities: area under the curve and peak injection force\" ><\/a>\n    <\/div>\n    <div class=\"ue-grid-item-content\">\n      \n                    \n      <div class=\"ue-grid-item-title\"><a href=\"https:\/\/sjjsolutions.com\/es\/resources\/the-effect-of-syringe-design-and-cannula-dimensions-on-time-force-curve-in-intravitreal-injection-across-different-drug-viscosities-area-under-the-curve-and-peak-injection-force\/\">The effect of syringe design and cannula dimensions on time-force curve in intravitreal injection across different drug viscosities: area under the curve and peak injection force<\/a><\/div>      \n            \n            <div class=\"ue-grid-item-button\"><a class=\"uc_more_btn\" href=\"https:\/\/sjjsolutions.com\/es\/resources\/the-effect-of-syringe-design-and-cannula-dimensions-on-time-force-curve-in-intravitreal-injection-across-different-drug-viscosities-area-under-the-curve-and-peak-injection-force\/\">Seguir leyendo<\/a><\/div>    <\/div>\n  \n    \n    \n    \n<\/div>\n\n<div class=\"ue-grid-item\">\n  \n\t<div class=\"ue-grid-item-image\">\n       \n          <img decoding=\"async\" src=\"https:\/\/sjjsolutions.com\/wp-content\/uploads\/2024\/04\/ZR-products.png\"  alt=\"ZR-products\" width=\"570\" height=\"570\">  \n      \t\n\t        \n      <a class=\"ue-grid-item-image-overlay\" href=\"https:\/\/sjjsolutions.com\/es\/resources\/pharmaceutical-compounding-and-storage-of-faricimab-in-a-syringe-for-intravitreal-injection-do-not-impair-stability-and-bi-specific-binding-properties\/\" aria-label=\"Read more about Pharmaceutical compounding and storage of faricimab in a syringe for intravitreal injection do not impair stability and bi-specific binding properties\" ><\/a>\n    <\/div>\n    <div class=\"ue-grid-item-content\">\n      \n                    \n      <div class=\"ue-grid-item-title\"><a href=\"https:\/\/sjjsolutions.com\/es\/resources\/pharmaceutical-compounding-and-storage-of-faricimab-in-a-syringe-for-intravitreal-injection-do-not-impair-stability-and-bi-specific-binding-properties\/\">La composici\u00f3n farmac\u00e9utica y el almacenamiento de faricimab en una jeringa para inyecci\u00f3n intrav\u00edtrea no perjudican la estabilidad ni las propiedades de uni\u00f3n biespec\u00edfica<\/a><\/div>      \n            \n            <div class=\"ue-grid-item-button\"><a class=\"uc_more_btn\" href=\"https:\/\/sjjsolutions.com\/es\/resources\/pharmaceutical-compounding-and-storage-of-faricimab-in-a-syringe-for-intravitreal-injection-do-not-impair-stability-and-bi-specific-binding-properties\/\">Seguir leyendo<\/a><\/div>    <\/div>\n  \n    \n    \n    \n<\/div>\n\n<div class=\"ue-grid-item\">\n  \n\t<div class=\"ue-grid-item-image\">\n       \n          <img decoding=\"async\" src=\"https:\/\/sjjsolutions.com\/wp-content\/uploads\/2023\/08\/EDT-resources-768x508.webp\"  alt=\"EDT-resources\" width=\"768\" height=\"508\">  \n      \t\n\t        \n      <a class=\"ue-grid-item-image-overlay\" href=\"https:\/\/sjjsolutions.com\/es\/resources\/accuracy-and-residual-volume-of-intravitreal-injection-syringes-in-administration-of-very-small-volumes\/\" aria-label=\"Read more about Accuracy and residual volume of intravitreal injection syringes in administration of very small volumes\" ><\/a>\n    <\/div>\n    <div class=\"ue-grid-item-content\">\n      \n                    \n      <div class=\"ue-grid-item-title\"><a href=\"https:\/\/sjjsolutions.com\/es\/resources\/accuracy-and-residual-volume-of-intravitreal-injection-syringes-in-administration-of-very-small-volumes\/\">Accuracy and residual volume of intravitreal injection syringes in administration of very small volumes<\/a><\/div>      \n            \n            <div class=\"ue-grid-item-button\"><a class=\"uc_more_btn\" href=\"https:\/\/sjjsolutions.com\/es\/resources\/accuracy-and-residual-volume-of-intravitreal-injection-syringes-in-administration-of-very-small-volumes\/\">Seguir leyendo<\/a><\/div>    <\/div>\n  \n    \n    \n    \n<\/div>\n\n<div class=\"ue-grid-item\">\n  \n\t<div class=\"ue-grid-item-image\">\n       \n          <img loading=\"lazy\" decoding=\"async\" src=\"https:\/\/sjjsolutions.com\/wp-content\/uploads\/2023\/08\/comparison-syringes.webp\"  alt=\"comparison-syringes\" width=\"602\" height=\"398\">  \n      \t\n\t        \n      <a class=\"ue-grid-item-image-overlay\" href=\"https:\/\/sjjsolutions.com\/es\/resources\/accuracy-precision-and-residual-volume-of-commonly-used-syringes-for-intravitreal-injections-and-the-impact-on-intraocular-pressure\/\" aria-label=\"Read more about Accuracy, Precision, and Residual Volume of Commonly Used Syringes for Intravitreal Injections and the Impact on Intraocular Pressure\" ><\/a>\n    <\/div>\n    <div class=\"ue-grid-item-content\">\n      \n                    \n      <div class=\"ue-grid-item-title\"><a href=\"https:\/\/sjjsolutions.com\/es\/resources\/accuracy-precision-and-residual-volume-of-commonly-used-syringes-for-intravitreal-injections-and-the-impact-on-intraocular-pressure\/\">Accuracy, Precision, and Residual Volume of Commonly Used Syringes for Intravitreal Injections and the Impact on Intraocular Pressure<\/a><\/div>      \n            \n            <div class=\"ue-grid-item-button\"><a class=\"uc_more_btn\" href=\"https:\/\/sjjsolutions.com\/es\/resources\/accuracy-precision-and-residual-volume-of-commonly-used-syringes-for-intravitreal-injections-and-the-impact-on-intraocular-pressure\/\">Seguir leyendo<\/a><\/div>    <\/div>\n  \n    \n    \n    \n<\/div>\n\n<div class=\"ue-grid-item\">\n  \n\t<div class=\"ue-grid-item-image\">\n       \n          <img loading=\"lazy\" decoding=\"async\" src=\"https:\/\/sjjsolutions.com\/wp-content\/uploads\/2022\/09\/ocuject-render-met-cap2.206-768x431.webp\"  alt=\"ocuject-render-met-cap2\" width=\"768\" height=\"431\">  \n      \t\n\t        \n      <a class=\"ue-grid-item-image-overlay\" href=\"https:\/\/sjjsolutions.com\/es\/resources\/a-silicone-oil-free-syringe-tailored-for-intravitreal-injection-of-biologics\/\" aria-label=\"Read more about A Silicone Oil-Free Syringe Tailored for Intravitreal Injection of Biologics\" ><\/a>\n    <\/div>\n    <div class=\"ue-grid-item-content\">\n      \n                    \n      <div class=\"ue-grid-item-title\"><a href=\"https:\/\/sjjsolutions.com\/es\/resources\/a-silicone-oil-free-syringe-tailored-for-intravitreal-injection-of-biologics\/\">A Silicone Oil-Free Syringe Tailored for Intravitreal Injection of Biologics<\/a><\/div>      \n            \n            <div class=\"ue-grid-item-button\"><a class=\"uc_more_btn\" href=\"https:\/\/sjjsolutions.com\/es\/resources\/a-silicone-oil-free-syringe-tailored-for-intravitreal-injection-of-biologics\/\">Seguir leyendo<\/a><\/div>    <\/div>\n  \n    \n    \n    \n<\/div>\n\n<div class=\"ue-grid-item\">\n  \n\t<div class=\"ue-grid-item-image\">\n       \n          <img loading=\"lazy\" decoding=\"async\" src=\"https:\/\/sjjsolutions.com\/wp-content\/uploads\/2022\/06\/silicone-oil-droplets-2-768x432.webp\"  alt=\"Silicone oil droplets\" width=\"768\" height=\"432\">  \n      \t\n\t        \n      <a class=\"ue-grid-item-image-overlay\" href=\"https:\/\/sjjsolutions.com\/es\/resources\/test-publication\/\" aria-label=\"Read more about Release of silicone oil and the off-label use of syringes in ophthalmology\" ><\/a>\n    <\/div>\n    <div class=\"ue-grid-item-content\">\n      \n                    \n      <div class=\"ue-grid-item-title\"><a href=\"https:\/\/sjjsolutions.com\/es\/resources\/test-publication\/\">Release of silicone oil and the off-label use of syringes in ophthalmology<\/a><\/div>      \n            \n            <div class=\"ue-grid-item-button\"><a class=\"uc_more_btn\" href=\"https:\/\/sjjsolutions.com\/es\/resources\/test-publication\/\">Seguir leyendo<\/a><\/div>    <\/div>\n  \n    \n    \n    \n<\/div>\n\n<\/div>\n\n\n<!-- end Post Magazine Grid -->\t\t\t\t<\/div>\n\t\t\t\t<\/div>\n\t\t\t\t\t<\/div>\n\t\t<\/div>\n\t\t\t\t\t<\/div>\n\t\t<\/section>\n\t\t\t\t<\/div>","protected":false},"excerpt":{"rendered":"<p>Science The effect of syringe design and cannula dimensions on time-force curve in intravitreal injection across different drug viscosities: area under the curve and peak injection force Read More Pharmaceutical compounding and storage of faricimab in a syringe for intravitreal injection do not impair stability and bi-specific binding properties Read More Accuracy and residual volume [&hellip;]<\/p>\n","protected":false},"author":10,"featured_media":0,"parent":0,"menu_order":0,"comment_status":"closed","ping_status":"closed","template":"","meta":{"footnotes":""},"class_list":["post-10394","page","type-page","status-publish","hentry"],"_links":{"self":[{"href":"https:\/\/sjjsolutions.com\/es\/wp-json\/wp\/v2\/pages\/10394","targetHints":{"allow":["GET"]}}],"collection":[{"href":"https:\/\/sjjsolutions.com\/es\/wp-json\/wp\/v2\/pages"}],"about":[{"href":"https:\/\/sjjsolutions.com\/es\/wp-json\/wp\/v2\/types\/page"}],"author":[{"embeddable":true,"href":"https:\/\/sjjsolutions.com\/es\/wp-json\/wp\/v2\/users\/10"}],"replies":[{"embeddable":true,"href":"https:\/\/sjjsolutions.com\/es\/wp-json\/wp\/v2\/comments?post=10394"}],"version-history":[{"count":73,"href":"https:\/\/sjjsolutions.com\/es\/wp-json\/wp\/v2\/pages\/10394\/revisions"}],"predecessor-version":[{"id":13609,"href":"https:\/\/sjjsolutions.com\/es\/wp-json\/wp\/v2\/pages\/10394\/revisions\/13609"}],"wp:attachment":[{"href":"https:\/\/sjjsolutions.com\/es\/wp-json\/wp\/v2\/media?parent=10394"}],"curies":[{"name":"wp","href":"https:\/\/api.w.org\/{rel}","templated":true}]}}